{"id":690,"date":"2023-11-27T21:04:32","date_gmt":"2023-11-27T21:04:32","guid":{"rendered":"https:\/\/www.laperfumoteca.com\/avis-legal\/"},"modified":"2024-02-13T20:35:44","modified_gmt":"2024-02-13T20:35:44","slug":"avis-legal","status":"publish","type":"page","link":"https:\/\/www.laperfumoteca.com\/ca\/avis-legal\/","title":{"rendered":"Av\u00eds Legal"},"content":{"rendered":"\n<p><strong>RESPONSABLE DEL TRACTAMENT DE LES DADES<\/strong><\/p>\n\n<p>En compliment del deure informaci\u00f3 que estableix la Llei La 34\/2002, d&#8217;11 de juliol, de Serveis de la Societat de la Informaci\u00f3 i del Comer\u00e7 Electr\u00f2nic, us comuniquem que aquesta web \u00e9s titularitat de:<\/p>\n\n<p>Denominaci\u00f3 Social: <strong>Laura Calaf &#8211; La Perfumoteca<\/strong> (D&#8217;ara endavant El Responsable)<\/p>\n\n<p>CIF \/ NIF: <strong><strong>47683242X<\/strong><\/strong><\/p>\n\n<p>Domicili Social: <strong>DOCTOR COMBELLES N 43 &#8211; 3<\/strong> <strong>25003 Lleida<\/strong><\/p>\n\n<p>Tel\u00e8fon: <strong>615 55 89 63<\/strong><\/p>\n\n<p>e-Mail: <strong>info@laperfumoteca.com<\/strong><\/p>\n\n<p>Nom de dominis: <strong>www.laperfumoteca.com<\/strong> (D&#8217;ara endavant El lloc web)<\/p>\n\n<p><strong>OBJECTE<\/strong><\/p>\n\n<p>El responsable posa a disposici\u00f3 dels usuaris aquest document amb qu\u00e8 pret\u00e9n donar compliment del que disposa la normativa vigent en mat\u00e8ria de protecci\u00f3 de dades, i en el context del nou marc normatiu establert en virtut del que disposa el Reglament (UE) 2016\/679 del Parlament Europeu i del Consell, de 27 d&#8217;abril de 2016, relatiu a la protecci\u00f3 de les persones f\u00edsiques quant al tractament de dades personals ia la lliure circulaci\u00f3 d&#8217;aquestes dades (d&#8217;ara endavant, el RGPD), i la normativa nacional en mat\u00e8ria de protecci\u00f3 de dades de car\u00e0cter personal, aix\u00ed com informar tots els usuaris del lloc web respecte a quines s\u00f3n les condicions d\u00fas del mateix.<\/p>\n\n<p>Tota persona que accedeixi a aquest lloc web assumeix el paper d&#8217;usuari, comprometent-se a l&#8217;observan\u00e7a i el compliment rigor\u00f3s de les disposicions aqu\u00ed disposades, aix\u00ed com a qualsevol altra disposici\u00f3 legal que sigui aplicable.<\/p>\n\n<p>El responsable es reserva el dret a modificar qualsevol tipus d&#8217;informaci\u00f3 que pogu\u00e9s apar\u00e8ixer al lloc web, sense que hi hagi obligaci\u00f3 de preavisar o posar en coneixement dels usuaris aquestes obligacions, entenent-se com a suficient amb la publicaci\u00f3 al lloc web del responsable.<\/p>\n\n<p><strong>RESPONSABILITAT<\/strong><\/p>\n\n<p>El responsable s&#8217;eximeix de qualsevol tipus de responsabilitat derivada de la informaci\u00f3 publicada al vostre lloc web, sempre que aquesta informaci\u00f3 hagi estat manipulada o introdu\u00efda per un tercer ali\u00e8 al mateix.<\/p>\n\n<p><strong>ADRECES IP<\/strong><\/p>\n\n<p>Els servidors del lloc web podran detectar autom\u00e0ticament l&#8217;adre\u00e7a IP i el nom de domini utilitzats per l&#8217;usuari.<\/p>\n\n<p>Una adre\u00e7a IP \u00e9s un n\u00famero assignat autom\u00e0ticament a un ordinador quan aquest es connecta a Internet. Tota aquesta informaci\u00f3 est\u00e0 registrada en un fitxer d&#8217;activitat del servidor, degudament inscrit, que permet el posterior processament de les dades per obtenir mesures \u00fanicament estad\u00edstiques que permetin con\u00e8ixer el nombre d&#8217;impressions de p\u00e0gines, el nombre de visites realitzades als servidors web, ordre de visites, punt d&#8217;acc\u00e9s, etc.<\/p>\n\n<p><strong>POL\u00cdTICA D&#8217;ENLLA\u00c7OS<\/strong><\/p>\n\n<p>Des del present lloc web \u00e9s possible que es redirigeixi a continguts de tercers llocs web. At\u00e8s que El responsable no pot controlar sempre els continguts introdu\u00efts pels tercers als seus llocs web, aquest no assumeix cap mena de responsabilitat respecte a aquests continguts. En tot cas, El Responsable manifesta que procedir\u00e0 a la retirada immediata de qualsevol contingut que pogu\u00e9s contravenir la legislaci\u00f3 nacional o internacional, la moral o l&#8217;ordre p\u00fablic, procedint a la retirada immediata de la redirecci\u00f3 a aquest lloc web, posant en coneixement de les autoritats competents el contingut en q\u00fcesti\u00f3.<\/p>\n\n<p>El responsable no es fa responsable de la informaci\u00f3 i continguts emmagatzemats, a t\u00edtol enunciatiu per\u00f2 no limitatiu, en f\u00f2rums, xat, generadors de blocs, comentaris, xarxes socials o qualsevol altre mitj\u00e0 que permeti a tercers publicar continguts de forma independent a la p\u00e0gina web del responsable. No obstant aix\u00f2 i en compliment del que disposa l&#8217;art. 11 i 16 de la LSSICE, El Responsable es posa a disposici\u00f3 de tots els usuaris, autoritats i forces de seguretat, col\u00b7laborant de forma activa en la retirada o si \u00e9s el cas bloqueig de tots aquells continguts que puguin afectar o contravenir la legislaci\u00f3 nacional, o internacional, drets de tercers o moral i ordre p\u00fablic. En cas que l&#8217;usuari consideri que hi ha al lloc web algun contingut que pogu\u00e9s ser susceptible d&#8217;aquesta classificaci\u00f3, es prega que ho faci saber de manera immediata a l&#8217;administrador del lloc web.<\/p>\n\n<p>Aquest lloc web ha estat revisat i provat perqu\u00e8 funcioni correctament. En principi, se&#8217;n pot garantir el funcionament correcte els 365 dies de l&#8217;any, 24 hores al dia. Tot i aix\u00f2, El Responsable no descarta la possibilitat que hi hagi certs errors de programaci\u00f3, o que es converteixin en causes de for\u00e7a major, cat\u00e0strofes naturals, vagues, o circumst\u00e0ncies similars que facin impossible l&#8217;acc\u00e9s a la p\u00e0gina web.<\/p>\n\n<p><strong>PROTECCI\u00d3 DE DADES<\/strong><\/p>\n\n<p>El responsable es troba profundament comprom\u00e8s en el compliment del que disposa la normativa vigent en mat\u00e8ria de protecci\u00f3 de dades, i en el context del nou marc normatiu establert en virtut del que disposa el Reglament (UE) 2016\/679 del Parlament Europeu i del Consell , de 27 d&#8217;abril de 2016, relatiu a la protecci\u00f3 de les persones f\u00edsiques quant al tractament de dades personals ia la lliure circulaci\u00f3 d&#8217;aquestes dades (d&#8217;ara endavant, el RGPD), i la normativa nacional en mat\u00e8ria de protecci\u00f3 de dades de car\u00e0cter personal.<\/p>\n\n<p>Aix\u00ed mateix, El Responsable informa que donar compliment a la Llei 34\/2002 d&#8217;11 de juliol, de Serveis de la Societat de la Informaci\u00f3 i el Comer\u00e7 Electr\u00f2nic i us sol\u00b7licitar\u00e0 el vostre consentiment al tractament de les vostres dades amb fins comercials en cada moment.<\/p>\n\n<p><strong>PROPIETAT INTEL\u00b7LECTUAL I INDUSTRIAL<\/strong><\/p>\n\n<p>El lloc web, incl\u00f2s el t\u00edtol enunciatiu per\u00f2 no limitatiu, la seva programaci\u00f3, edici\u00f3, compilaci\u00f3 i altres elements necessaris per al seu funcionament, els dissenys, logotips, text i\/o gr\u00e0fics s\u00f3n propietat del responsable o, si escau, disposa de llic\u00e8ncia o autoritzaci\u00f3 expressa per part dels autors.<\/p>\n\n<p>Tots els continguts del lloc web estan protegits degudament per la normativa de propietat intel\u00b7lectual i industrial.<\/p>\n\n<p>Independentment de la finalitat per a la qual fossin destinats, la reproducci\u00f3 total o parcial, \u00fas, explotaci\u00f3, distribuci\u00f3 i comercialitzaci\u00f3 requereix en tot cas l&#8217;autoritzaci\u00f3 escrita pr\u00e8via per part del responsable. Qualsevol \u00fas no autoritzat pr\u00e8viament pel responsable ser\u00e0 considerat un incompliment greu dels drets de propietat intel\u00b7lectual o industrial de lautor.<\/p>\n\n<p>Els dissenys, logotips, text i\/o gr\u00e0fics aliens al prestador i que poguessin apar\u00e8ixer al lloc web, pertanyen als seus respectius propietaris, sent ells mateixos responsables de qualsevol possible controv\u00e8rsia que pogu\u00e9s suscitar respecte d&#8217;aquests. En tot cas, El Responsable compta amb lautoritzaci\u00f3 expressa i pr\u00e8via per part daquests.<\/p>\n\n<p>El responsable autoritza expressament que tercers puguin redirigir directament els continguts concrets del lloc web, i en qualsevol cas redirigir a la p\u00e0gina principal del lloc web del responsable.<\/p>\n\n<p>El Responsable reconeix a favor dels seus titulars els corresponents drets de propietat intel\u00b7lectual i industrial, no implicant la seva sola menci\u00f3 o aparici\u00f3 al lloc web l&#8217;exist\u00e8ncia de drets o responsabilitat del responsable sobre aquests, com tampoc suport, patrocini o recomanaci\u00f3 per part seva .<\/p>\n\n<p>Per a totes aquelles imatges en qu\u00e8 el programari de disseny ho permet, s&#8217;han incl\u00f2s les refer\u00e8ncies corresponents a l&#8217;autoria i la llic\u00e8ncia corresponent.<\/p>\n\n<p>Per realitzar qualsevol tipus d&#8217;observaci\u00f3 respecte a possibles incompliments dels drets de propietat intel\u00b7lectual o industrial, aix\u00ed com sobre qualsevol dels continguts del lloc web, podeu fer-ho a trav\u00e9s del seg\u00fcent correu electr\u00f2nic: info@piqture.cat.<\/p>\n\n<p><strong>SSL<\/strong><\/p>\n\n<p>El responsable ha contractat per al seu lloc web un certificat SSL (Secure Sockets Layer). Un certificat SSL permet protegir tota la informaci\u00f3 personal i confidencial que es pugui gestionar en un lloc web, independentment de la informaci\u00f3 que es transmeti, com per exemple, des de qualsevol dels formularis de contacte del web fins al servidor, o les dades introdu\u00efdes per la subscripci\u00f3 de butlletins de not\u00edcies o accessos a les \u00e0rees protegides, etc.<\/p>\n\n<p>L&#8217;adre\u00e7a del lloc web apareixer\u00e0 en color verd, activant el protocol https que permet connexions segures des d&#8217;un servidor web al navegador de l&#8217;usuari.<\/p>\n\n<p><strong>POL\u00cdTICA DE PRIVACITAT<\/strong><\/p>\n\n<p><strong>1.- Informaci\u00f3 a l&#8217;Usuari<\/strong><\/p>\n\n<p>PIQTURE NEW MEDIA, SL informa els usuaris del lloc web sobre la seva pol\u00edtica pel que fa al tractament i protecci\u00f3 de les dades de car\u00e0cter personal dels usuaris i clients que puguin ser recollits per la navegaci\u00f3 a trav\u00e9s del seu lloc web.<\/p>\n\n<p>PIQTURE NEW MEDIA, SL \u00e9s el Responsable del tractament de les dades personals de l&#8217;Usuari, per la qual cosa se us facilita la seg\u00fcent informaci\u00f3 referent al tractament de les vostres dades:<\/p>\n\n<p><strong>Finalitat del tractament de les vostres dades:<\/strong> mantenir una relaci\u00f3 comercial amb l&#8217;Usuari. Les operacions previstes per realitzar el tractament s\u00f3n:<\/p>\n\n<ul class=\"wp-block-list\">\n<li>Remissi\u00f3 de comunicacions comercials publicit\u00e0ries per correu electr\u00f2nic, fax, SMS, MMS, xarxes socials o qualsevol altre mitj\u00e0 electr\u00f2nic o f\u00edsic, present o futur, que possibiliti fer comunicacions comercials. Aquestes comunicacions seran realitzades per PIQTURE NEW MEDIA, SL i relacionades amb els seus productes i serveis, o amb els dels seus col\u00b7laboradors o prove\u00efdors amb qu\u00e8 aquest hagi arribat a algun acord de promoci\u00f3. En aquest cas, els tercers mai no tindran acc\u00e9s a les dades personals.<\/li>\n\n\n\n<li>Tramitar enc\u00e0rrecs de peticions o qualsevol tipus de petici\u00f3 que sigui realitzada per lusuari a trav\u00e9s de qualsevol de les formes de contacte que es posen a la seva disposici\u00f3.<\/li>\n\n\n\n<li>Remetre el butllet\u00ed de not\u00edcies de la p\u00e0gina web.<\/li>\n<\/ul>\n\n<p><strong>Criteris de conservaci\u00f3 de les dades:<\/strong> Les dades personals proporcionades es conservaran fins que no se sol\u00b7licite la suspensi\u00f3 per part de l&#8217;interessat, exercint els seus drets sobre les dades, i en qualsevol cas en compliment de terminis legals de prescripci\u00f3 que li siguin aplicables.<\/p>\n\n<p><strong>Comunicaci\u00f3 o sessi\u00f3 de les dades:<\/strong> No es comunicaran ni cediran les dades a cap destinatari.<\/p>\n\n<p><strong>Drets que assisteixen a l&#8217;Usuari:<\/strong><\/p>\n\n<p>\u00b7Dret a retirar el consentiment en qualsevol moment.<\/p>\n\n<p>\u00b7Dret d&#8217;acc\u00e9s, rectificaci\u00f3, supressi\u00f3, portabilitat de les vostres dades i de la limitaci\u00f3 o oposici\u00f3 del vostre tractament, aix\u00ed com no ser objecte de decisions individuals automatitzades. Dades de contacte per exercir els seus drets:<\/p>\n\n<p>Heu d&#8217;identificar degudament i sol\u00b7licitar clarament el dret a exercir.<\/p>\n\n<ul class=\"wp-block-list\">\n<li>Adre\u00e7a postal:PIQTURE NEW MEDIA, SL, ENRIC ARDERIU, 1 \u2013 ALTELL 25005 LLEIDA<\/li>\n\n\n\n<li>e-mail: info@piqture.cat<\/li>\n<\/ul>\n\n<p><strong>2.- Informaci\u00f3 facilitada per l&#8217;usuari<\/strong><\/p>\n\n<p>Si sou menors de 18 anys no est\u00e0 perm\u00e8s l&#8217;\u00fas de formularis a la nostra web.<br\/>Els Usuaris, introduint les seves dades als formularis de contacte o presentats en formularis de desc\u00e0rrega, accepten expressament i de forma lliure i inequ\u00edvoca, que les seves dades s\u00f3n necess\u00e0ries per atendre la seva petici\u00f3, per part del responsable, sent volunt\u00e0ria la inclusi\u00f3 de dades als camps restants.<\/p>\n\n<p>L&#8217;Usuari garanteix que les dades personals facilitades al prestador s\u00f3n veraces i es fa responsable de comunicar-ne qualsevol modificaci\u00f3.<\/p>\n\n<p>Totes les dades sol\u00b7licitades a trav\u00e9s del lloc web s\u00f3n necess\u00e0ries per prestar un servei \u00f2ptim a l&#8217;usuari. En cas que no siguin facilitades totes les dades, no es garanteix que la informaci\u00f3 i els serveis que el responsable li faciliti, siguin completament ajustats a les seves necessitats.<\/p>\n\n<ol class=\"wp-block-list\" start=\"3\">\n<li><strong>Mesures de seguretat<\/strong><\/li>\n<\/ol>\n\n<p>Que de conformitat amb el que disposen les normatives vigents en mat\u00e8ria de protecci\u00f3 de dades personals, el Responsable est\u00e0 complint amb totes les disposicions de les normatives RGPD i LOPD per al tractament de les dades personals de la seva responsabilitat, i manifestament amb els principis descrits a l&#8217;article 5 del RGPD i l&#8217;article 4 de la LOPD, pels quals s\u00f3n tractats de forma l\u00edcita, lleial i transparent en relaci\u00f3 amb l&#8217;interessat i adequades, pertinents i limitats al que \u00e9s necessari en relaci\u00f3 amb les finalitats a qu\u00e8 s\u00f3n tractades .<\/p>\n\n<p>El responsable garanteix que ha implementat pol\u00edtiques t\u00e8cniques i organitzatives apropiades per aplicar les mesures de seguretat que estableixen el RGPD i la LOPD per protegir els drets i les llibertats dels Usuaris i els ha comunicat la informaci\u00f3 adequada perqu\u00e8 puguin exercir-los.<\/p>\n\n<ol class=\"wp-block-list\" start=\"4\">\n<li><strong>Bretxes de Seguretat<\/strong><\/li>\n<\/ol>\n\n<p>El Responsable informar\u00e0 sobre qualsevol bretxa de seguretat que afecti la base de dades que utilitza aquest lloc web, o que afecti qualsevol dels nostres serveis de tercers, totes i cadascuna de les persones, dades de qu\u00e8 puguin haver estat afectades, i autoritats, dins de les 72 hores seg\u00fcents a la detecci\u00f3 de la bretxa.<\/p>\n\n<p><strong>LEGISLACI\u00d3 APLICABLE I JURISDICCI\u00d3<\/strong><\/p>\n\n<p>Per a la resoluci\u00f3 de totes les controv\u00e8rsies o q\u00fcestions relacionades amb el present lloc web o de les activitats que s&#8217;hi desenvolupin, ser\u00e0 aplicable la legislaci\u00f3 espanyola, a la qual se sotmeten expressament les parts, sent competents per a la resoluci\u00f3 de tots els conflictes derivats o relacionats amb el seu \u00fas els jutjats i els tribunals de Lleida.<\/p>\n","protected":false},"excerpt":{"rendered":"<p>RESPONSABLE DEL TRACTAMENT DE LES DADES En compliment del deure informaci\u00f3 que estableix la Llei La 34\/2002, d&#8217;11 de juliol, de Serveis de la Societat de la Informaci\u00f3 i del Comer\u00e7 Electr\u00f2nic, us comuniquem que aquesta web \u00e9s titularitat de: Denominaci\u00f3 Social: Laura Calaf &#8211; La Perfumoteca (D&#8217;ara endavant El Responsable) CIF \/ NIF: 47683242X [&hellip;]<\/p>\n","protected":false},"author":1,"featured_media":0,"parent":0,"menu_order":0,"comment_status":"closed","ping_status":"closed","template":"","meta":{"footnotes":""},"class_list":["post-690","page","type-page","status-publish","hentry"],"_links":{"self":[{"href":"https:\/\/www.laperfumoteca.com\/ca\/wp-json\/wp\/v2\/pages\/690","targetHints":{"allow":["GET"]}}],"collection":[{"href":"https:\/\/www.laperfumoteca.com\/ca\/wp-json\/wp\/v2\/pages"}],"about":[{"href":"https:\/\/www.laperfumoteca.com\/ca\/wp-json\/wp\/v2\/types\/page"}],"author":[{"embeddable":true,"href":"https:\/\/www.laperfumoteca.com\/ca\/wp-json\/wp\/v2\/users\/1"}],"replies":[{"embeddable":true,"href":"https:\/\/www.laperfumoteca.com\/ca\/wp-json\/wp\/v2\/comments?post=690"}],"version-history":[{"count":3,"href":"https:\/\/www.laperfumoteca.com\/ca\/wp-json\/wp\/v2\/pages\/690\/revisions"}],"predecessor-version":[{"id":699,"href":"https:\/\/www.laperfumoteca.com\/ca\/wp-json\/wp\/v2\/pages\/690\/revisions\/699"}],"wp:attachment":[{"href":"https:\/\/www.laperfumoteca.com\/ca\/wp-json\/wp\/v2\/media?parent=690"}],"curies":[{"name":"wp","href":"https:\/\/api.w.org\/{rel}","templated":true}]}}