{"id":692,"date":"2023-10-26T20:55:27","date_gmt":"2023-10-26T20:55:27","guid":{"rendered":"https:\/\/www.laperfumoteca.com\/politica-de-privadesa\/"},"modified":"2024-02-13T20:35:49","modified_gmt":"2024-02-13T20:35:49","slug":"politica-de-privadesa","status":"publish","type":"page","link":"https:\/\/www.laperfumoteca.com\/ca\/politica-de-privadesa\/","title":{"rendered":"Pol\u00edtica de Privadesa"},"content":{"rendered":"\n<p>INFORMACI\u00d3 PER A L&#8217;USUARI Qui \u00e9s el responsable del tractament de les dades personals?<\/p>\n\n<p>Laura Calaf &#8211; La Perfumoteca (d&#8217;ara endavant, El Responsable) \u00e9s el RESPONSABLE del tractament de les dades personals de l&#8217;USUARI i us informa que aquestes dades es tractaran d&#8217;acord amb el que estableix el Reglament (UE) 2016\/679, de 27 d&#8217;abril (GDPR), i la Llei Org\u00e0nica 3\/2018, del 5 de desembre (LOPDGDD).<\/p>\n\n<p>Per qu\u00e8 tractem les teves dades personals i per qu\u00e8 ho fem?<\/p>\n\n<p>Segons el formulari en qu\u00e8 haguem obtingut les teves dades personals, les tractarem de manera confidencial per assolir les seg\u00fcents finalitats:<\/p>\n\n<p>Al formulari de Contacte<\/p>\n\n<ul class=\"wp-block-list\">\n<li>Respondre les consultes o qualsevol tipus de sol\u00b7licitud que faci l&#8217;usuari a trav\u00e9s de qualsevol de les formes de contacte disponibles al lloc web del responsable. (per inter\u00e8s leg\u00edtim del responsable, art. 6.1.f GDPR)<\/li>\n\n\n\n<li>Enviar comunicacions comercials publicit\u00e0ries per correu electr\u00f2nic, fax, SMS, MMS, xarxes socials o qualsevol altre mitj\u00e0 electr\u00f2nic o f\u00edsic, present o futur, que permeti fer comunicacions comercials. Aquestes comunicacions seran realitzades pel responsable i estaran relacionades amb els seus productes i serveis, o amb els seus col\u00b7laboradors o prove\u00efdors amb qu\u00e8 hagi arribat a algun acord de promoci\u00f3. En aquest cas, tercers mai no tindran acc\u00e9s a les dades personals. (per consentiment de l&#8217;interessat, 6.1.a GDPR)<\/li>\n\n\n\n<li>Realitzar an\u00e0lisis estad\u00edstiques i estudis de mercat. (per inter\u00e8s leg\u00edtim del responsable, art. 6.1.f GDPR)<\/li>\n<\/ul>\n\n<p>Al formulari de Reserves<\/p>\n\n<ul class=\"wp-block-list\">\n<li>Formalitzar reserves a l&#8217;establiment del responsable. (per a l&#8217;execuci\u00f3 d&#8217;un contracte o precontracte, 6.1.b GDPR)<\/li>\n\n\n\n<li>Enviar comunicacions comercials publicit\u00e0ries per correu electr\u00f2nic, fax, SMS, MMS, xarxes socials o qualsevol altre mitj\u00e0 electr\u00f2nic o f\u00edsic, present o futur, a clients, que permeti realitzar comunicacions comercials sobre productes o serveis similars als que inicialment van ser objecte de contractaci\u00f3 amb el client (art. 21.2 LSSI). (per inter\u00e8s leg\u00edtim del responsable, art. 6.1.f GDPR)<\/li>\n<\/ul>\n\n<p>Quant de temps conservarem les teves dades personals?<\/p>\n\n<p>Es conservaran durant el temps necessari per complir amb la finalitat del tractament o mentre hi hagi prescripcions legals que determinin la cust\u00f2dia, i quan ja no siguin necessaris per a aquest prop\u00f2sit, s&#8217;eliminaran amb mesures de seguretat adequades per garantir que les dades siguin anonimitzades o totalment destru\u00efdes .<\/p>\n\n<p>A qui facilitem les teves dades personals?<\/p>\n\n<p>No es preveu cap comunicaci\u00f3 de dades personals a tercers, excepte si fos necessari per al desenvolupament i execuci\u00f3 de les finalitats del tractament, als nostres prove\u00efdors de serveis relacionats amb comunicacions, amb els quals el RESPONSABLE ha subscrit els contractes de confidencialitat i encarregat de tractament requerits per la normativa vigent de privadesa.<\/p>\n\n<p>Quins s\u00f3n els teus drets?<\/p>\n\n<p>Els drets que t\u00e9 l&#8217;USUARI s\u00f3n:<\/p>\n\n<ul class=\"wp-block-list\">\n<li>Dret a retirar el consentiment en qualsevol moment.<\/li>\n\n\n\n<li>Dret d&#8217;acc\u00e9s, rectificaci\u00f3, portabilitat i supressi\u00f3 de les teves dades, i de limitaci\u00f3 o oposici\u00f3 al tractament.<\/li>\n\n\n\n<li>Dret a presentar una reclamaci\u00f3 davant de l&#8217;autoritat de control ( <a href=\"http:\/\/www.aepd.es\/\">www.aepd.es<\/a> ) si considera que el tractament no s&#8217;ajusta a la normativa vigent.<\/li>\n<\/ul>\n\n<p>Dades de contacte per exercir els teus drets:<\/p>\n\n<p>Laura Calaf &#8211; La Perfumoteca, DOCTOR COMBELLES N 43 &#8211; 3, 25003 Lleida. Correu electr\u00f2nic: <a href=\"mailto:info@laperfumoteca.com\">info@laperfumoteca.com<\/a><\/p>\n\n<p>CAR\u00c0CTER OBLIGATORI O FACULTATIU DE LA INFORMACI\u00d3 FACILITADA PER L&#8217;USUARI Els USUARIS, mitjan\u00e7ant les caselles corresponents i la introducci\u00f3 de dades als camps marcats amb l&#8217;asterisc (*) al formulari de contacte o presentats en formularis de desc\u00e0rrega, accepten expressament i de manera lliure i inequ\u00edvoca que les seves dades s\u00f3n necess\u00e0ries per atendre la seva sol\u00b7licitud per part del prestador, i que, per tant, la inclusi\u00f3 de les dades als camps restants \u00e9s volunt\u00e0ria. L&#8217;USUARI garanteix que les dades personals facilitades al RESPONSABLE s\u00f3n veraces i es fa responsable de comunicar qualsevol modificaci\u00f3.<\/p>\n\n<p>El RESPONSABLE informa que totes les dades sol\u00b7licitades a trav\u00e9s del lloc web s\u00f3n obligat\u00f2ries, ja que s\u00f3n necess\u00e0ries per a la prestaci\u00f3 d&#8217;un servei \u00f2ptim a l&#8217;USUARI. En cas que no es facilitin totes les dades, no es garanteix que la informaci\u00f3 i els serveis proporcionats s&#8217;ajustin completament a les vostres necessitats.<\/p>\n\n<p>MESURES DE SEGURETAT De conformitat amb el que estableixen les normatives vigents en protecci\u00f3 de dades personals, El RESPONSABLE est\u00e0 complint amb totes les disposicions de les normatives GDPR i LOPDGDD per al tractament de les dades personals de la seva responsabilitat, i manifestament amb els principis descrits a l&#8217;article 5 del GDPR, pels quals es tracten de manera l\u00edcita, lleial i transparent en relaci\u00f3 amb l&#8217;interessat i adequades, pertinents i limitades a all\u00f2 necessari en relaci\u00f3 amb els fins per als quals es tracten.<\/p>\n\n<p>El RESPONSABLE garanteix que ha implementat pol\u00edtiques t\u00e8cniques i organitzatives apropiades per aplicar les mesures de seguretat que estableixen el GDPR i la LOPDGDD, amb la finalitat de protegir els drets i les llibertats dels USUARIS i els ha proporcionat la informaci\u00f3 adequada perqu\u00e8 puguin exercir-los.<\/p>\n\n<p>Per obtenir m\u00e9s informaci\u00f3 sobre les garanties de privadesa, podeu adre\u00e7ar-vos al RESPONSABLE a trav\u00e9s de Laura Calaf &#8211; La Perfumoteca, DOCTOR COMBELLES N 43 &#8211; 3, 25003 Lleida. Correu electr\u00f2nic: <a href=\"mailto:info@laperfumoteca.com\">info@laperfumoteca.com<\/a><\/p>\n","protected":false},"excerpt":{"rendered":"<p>INFORMACI\u00d3 PER A L&#8217;USUARI Qui \u00e9s el responsable del tractament de les dades personals? Laura Calaf &#8211; La Perfumoteca (d&#8217;ara endavant, El Responsable) \u00e9s el RESPONSABLE del tractament de les dades personals de l&#8217;USUARI i us informa que aquestes dades es tractaran d&#8217;acord amb el que estableix el Reglament (UE) 2016\/679, de 27 d&#8217;abril (GDPR), [&hellip;]<\/p>\n","protected":false},"author":1,"featured_media":0,"parent":0,"menu_order":0,"comment_status":"closed","ping_status":"closed","template":"","meta":{"footnotes":""},"class_list":["post-692","page","type-page","status-publish","hentry"],"_links":{"self":[{"href":"https:\/\/www.laperfumoteca.com\/ca\/wp-json\/wp\/v2\/pages\/692","targetHints":{"allow":["GET"]}}],"collection":[{"href":"https:\/\/www.laperfumoteca.com\/ca\/wp-json\/wp\/v2\/pages"}],"about":[{"href":"https:\/\/www.laperfumoteca.com\/ca\/wp-json\/wp\/v2\/types\/page"}],"author":[{"embeddable":true,"href":"https:\/\/www.laperfumoteca.com\/ca\/wp-json\/wp\/v2\/users\/1"}],"replies":[{"embeddable":true,"href":"https:\/\/www.laperfumoteca.com\/ca\/wp-json\/wp\/v2\/comments?post=692"}],"version-history":[{"count":3,"href":"https:\/\/www.laperfumoteca.com\/ca\/wp-json\/wp\/v2\/pages\/692\/revisions"}],"predecessor-version":[{"id":703,"href":"https:\/\/www.laperfumoteca.com\/ca\/wp-json\/wp\/v2\/pages\/692\/revisions\/703"}],"wp:attachment":[{"href":"https:\/\/www.laperfumoteca.com\/ca\/wp-json\/wp\/v2\/media?parent=692"}],"curies":[{"name":"wp","href":"https:\/\/api.w.org\/{rel}","templated":true}]}}