{"id":694,"date":"2023-11-27T21:05:06","date_gmt":"2023-11-27T21:05:06","guid":{"rendered":"https:\/\/www.laperfumoteca.com\/politica-de-cookies\/"},"modified":"2024-02-13T20:35:52","modified_gmt":"2024-02-13T20:35:52","slug":"politica-de-cookies","status":"publish","type":"page","link":"https:\/\/www.laperfumoteca.com\/ca\/politica-de-cookies\/","title":{"rendered":"Pol\u00edtica de Cookies"},"content":{"rendered":"\n<h1 class=\"wp-block-heading\">Apartat 1<\/h1>\n\n<p><strong>Pol\u00edtica de cookies<\/strong><\/p>\n\n<p>Una galeta \u00e9s un fitxer petit que s&#8217;emmagatzema al navegador quan visita la majoria de p\u00e0gines web. La seva utilitat \u00e9s que la web sigui capa\u00e7 de recordar la vostra visita quan torneu a navegar per aquesta p\u00e0gina. Les <em>cookies<\/em> solen emmagatzemar informaci\u00f3 de car\u00e0cter t\u00e8cnic, prefer\u00e8ncies personals, personalitzaci\u00f3 de continguts, estad\u00edstiques d\u00fas, links a xarxes socials, acc\u00e9s a comptes dusuari, etc. L&#8217;objectiu de la galeta \u00e9s adaptar el contingut de la web al seu perfil o necessitats, sense <em>galetes<\/em> els serveis oferts per qualsevol p\u00e0gina es veurien minvats notablement. Si voleu consultar m\u00e9s informaci\u00f3 sobre qu\u00e8 s\u00f3n les <em>cookies<\/em> , qu\u00e8 emmagatzemen, com eliminar-les, desactivar-les, etc. <strong>podeu adre\u00e7ar-vos a l&#8217;apartat 2<\/strong><\/p>\n\n<p><strong>Cookies utilitzades amb aquest lloc web<\/strong><\/p>\n\n<p>Seguint les directrius de l&#8217;Ag\u00e8ncia Espanyola de Protecci\u00f3 de Dades procedim a detallar l&#8217;\u00fas de <em>cookies<\/em> que fa aquesta web per informar-te amb la m\u00e0xima exactitud possible.<\/p>\n\n<p>Aquest lloc web utilitza les <strong>cookies pr\u00f2pies<\/strong> :<\/p>\n\n<p><em>Cookies<\/em> de sessi\u00f3, per garantir que els usuaris que escriguin comentaris al bloc siguin humans i no aplicacions automatitzades. D&#8217;aquesta manera es combat el <em>correu brossa<\/em> .<br\/> <\/p>\n\n<figure class=\"wp-block-table\"><table><tbody><tr><td>Nom de la galeta<\/td><td>Tipus de galeta<\/td><td>Prop\u00f2sit de la galeta<\/td><\/tr><tr><td>PHPSESSID<\/td><td>Sessi\u00f3<\/td><td>Aquesta galeta s&#8217;utilitza pel llenguatge de xifratge PHP per permetre que les variables de SESSI\u00d3 es guardin al servidor web. Aquesta galeta \u00e9s essencial per al funcionament de la web.<\/td><\/tr><tr><td>_utma, _utmb,<br\/>_ubmc,_utmz<\/td><td>Duradora<\/td><td>Aquestes galetes s\u00f3n establertes per Google Analytic per rastrejar l&#8217;\u00fas de la web. Aquestes galetes no s&#8217;estableixen si desconnectes galetes per aquesta web.<\/td><\/tr><\/tbody><\/table><\/figure>\n\n<p>Aquest lloc web utilitza les seg\u00fcents <strong>cookies de tercers<\/strong> :<\/p>\n\n<p>Google Analytics: Emmagatzema <em>cookies<\/em> per poder elaborar estad\u00edstiques sobre el tr\u00e0nsit i el volum de visites d&#8217;aquesta web. En utilitzar aquest lloc web est\u00e0 consentint el tractament dinformaci\u00f3 sobre vost\u00e8 per Google. En conseq\u00fc\u00e8ncia, l&#8217;exercici de qualsevol dret en aquest sentit ho haur\u00e0 de fer comunicant directament amb Google.<\/p>\n\n<p>Xarxa Social: Cada xarxa social utilitza les seves pr\u00f2pies <em>galetes<\/em> perqu\u00e8 pugueu pr\u00e9mer els botons del tipus <em>M&#8217;agrada<\/em> o <em>Compartir<\/em> .<\/p>\n\n<ul class=\"wp-block-list\">\n<li>Facebook<\/li>\n<\/ul>\n\n<p><strong>Desactivaci\u00f3 o eliminaci\u00f3 de cookies<\/strong><\/p>\n\n<p>En qualsevol moment podreu exercitar el vostre dret de desactivaci\u00f3 o eliminaci\u00f3 de <em>cookies<\/em> d&#8217;aquest lloc web. Aquestes accions es realitzen de manera diferent en funci\u00f3 del navegador que utilitzeu. <strong><a href=\"https:\/\/www.piqture.cat\/es\/politica-de-cookies\/#ap3\">Aqu\u00ed deixem una guia r\u00e0pida per als navegadors m\u00e9s populars<\/a><\/strong> . (apartat 3)<\/p>\n\n<p><strong>Notes addicionals<\/strong><\/p>\n\n<p>Ni aquesta web ni els seus representants legals es fan responsables ni del contingut ni de la veracitat de les pol\u00edtiques de privadesa que puguin tenir els tercers esmentats en aquesta pol\u00edtica de <em>cookies<\/em> .<\/p>\n\n<p>Els navegadors web s\u00f3n les eines encarregades d&#8217;emmagatzemar les <em>galetes<\/em> i des d&#8217;aquest lloc d&#8217;efectuar el dret a eliminar-lo o desactivar-lo. Ni aquesta web ni els seus representants legals poden garantir la correcta o incorrecta manipulaci\u00f3 de les <em>cookies<\/em> per part dels navegadors.<\/p>\n\n<p>En alguns casos \u00e9s necessari instal\u00b7lar <em>cookies<\/em> perqu\u00e8 el navegador no oblidi la seva decisi\u00f3 de no acceptar-les.<\/p>\n\n<p>En el cas de les <em>galetes<\/em> de Google Analytics, aquesta empresa emmagatzema les <em>galetes<\/em> als servidors als Estats Units i es compromet a no compartir-la amb tercers, excepte en els casos en qu\u00e8 sigui necessari per al funcionament del sistema o quan la llei obligui a aquest efecte. Segons Google no desa la vostra adre\u00e7a IP. Google Inc. \u00e9s una companyia adherida a l&#8217;Escut de privadesa que garanteix que totes les dades transferides seran tractades amb un nivell de protecci\u00f3 d&#8217;acord amb la normativa europea. Podeu consultar informaci\u00f3 detallada al respecte <a href=\"http:\/\/safeharbor.export.gov\/companyinfo.aspx?id=16626\">en <strong>aquest enlla\u00e7<\/strong><\/a> <strong>(1)<\/strong> . Si voleu informaci\u00f3 sobre l&#8217;\u00fas que Google fa de les <em>cookies<\/em> <a href=\"https:\/\/developers.google.com\/analytics\/devguides\/collection\/analyticsjs\/cookie-usage?hl=es&amp;csw=1\">adjuntem <strong>aquest altre enlla\u00e7<\/strong><\/a> <strong>(2)<\/strong> .<\/p>\n\n<p>Per qualsevol dubte o consulta sobre aquesta pol\u00edtica <em>galetes<\/em> no dubti en comunicar-se amb nosaltres a trav\u00e9s de la secci\u00f3 de contacte.<\/p>\n\n<p>(1) <a href=\"https:\/\/www.privacyshield.gov\/welcome\">https:\/\/www.privacyshield.gov\/welcome<\/a><br\/>(2) <a href=\"https:\/\/developers.google.com\/analytics\/devguides\/collection\/analyticsjs\/cookie-usage?hl=es&amp;csw=1\">https:\/\/developers.google.com\/analytics\/devguides\/collection\/analyticsjs\/cookie-usage?hl=es&amp;csw=1<\/a><\/p>\n\n<h1 class=\"wp-block-heading\">Apartat 2<\/h1>\n\n<p><strong>M\u00e9s informaci\u00f3 sobre les galetes.<\/strong><\/p>\n\n<p><strong>Qu\u00e8 \u00e9s una <em>galeta<\/em> ?<\/strong><\/p>\n\n<p>Una <em>galeta<\/em> \u00e9s un arxiu de text inofensiu que s&#8217;emmagatzema al navegador quan visita gaireb\u00e9 qualsevol p\u00e0gina web. La utilitat de la <em>galeta<\/em> \u00e9s que la web sigui capa\u00e7 de recordar la vostra visita quan torneu a navegar per aquesta p\u00e0gina. Encara que molta gent no ho sap, les <em>galetes<\/em> es porten utilitzant des de fa 20 anys, quan van apar\u00e8ixer els primers navegadors per a la World Wide Web.<\/p>\n\n<p><strong>Qu\u00e8 NO \u00e9s una <em>galeta<\/em> ?<\/strong><\/p>\n\n<p>No \u00e9s un virus, ni un troi\u00e0, ni un cuc, ni spam, ni spyware, ni obra finestres pop-up.<\/p>\n\n<p><strong>Quina informaci\u00f3 emmagatzema una <em>galeta<\/em> ?<\/strong><\/p>\n\n<p>Les <em>cookies<\/em> no solen emmagatzemar informaci\u00f3 sensible sobre vost\u00e8, com ara targetes de cr\u00e8dit o dades banc\u00e0ries, fotografies, el seu DNI o informaci\u00f3 personal, etc. Les dades que guarden s\u00f3n de car\u00e0cter t\u00e8cnic, prefer\u00e8ncies personals, personalitzaci\u00f3 de continguts, etc.<\/p>\n\n<p>El servidor web no associa a vost\u00e8 com a persona sin\u00f3 al teu navegador web. De fet, si navega habitualment amb Internet Explorer provi a navegar per la mateixa web amb Firefox o Chrome i veur\u00e0 que la web no s&#8217;adona que \u00e9s vost\u00e8 la mateixa persona perqu\u00e8 en realitat est\u00e0 associant al navegador, no a la persona.<\/p>\n\n<p><strong>Quins tipus de <em>galetes<\/em> hi ha?<\/strong><\/p>\n\n<p><em>Galetes<\/em> t\u00e8cniques: S\u00f3n les m\u00e9s elementals i permeten, entre altres coses, saber quan est\u00e0 navegant un hum\u00e0 o una aplicaci\u00f3 automatitzada, quan navega un usuari an\u00f2nim i un registrat, tasques b\u00e0siques per al funcionament de qualsevol web din\u00e0mica.<\/p>\n\n<p><em>Galetes<\/em> d&#8217;an\u00e0lisi: recullen informaci\u00f3 sobre el tipus de navegaci\u00f3 que esteu realitzant, les seccions que m\u00e9s utilitzeu, productes consultats, franja hor\u00e0ria d&#8217;\u00fas, idioma, etc.<\/p>\n\n<p><em>Galetes<\/em> publicit\u00e0ries: Mostren publicitat en funci\u00f3 de la seva navegaci\u00f3, el seu pa\u00eds de proced\u00e8ncia, idioma, etc.<\/p>\n\n<p><strong>Qu\u00e8 s\u00f3n les <em>cookies<\/em> pr\u00f2pies i les de tercers?<\/strong><\/p>\n\n<p>Les <em>cookies<\/em> pr\u00f2pies s\u00f3n les generades per la p\u00e0gina que esteu visitant i les de tercers s\u00f3n les generades per serveis o prove\u00efdors externs com Facebook, Twitter, Google, etc.<\/p>\n\n<p><strong>Qu\u00e8 passa si desactiu les <em>galetes<\/em> ?<\/strong><\/p>\n\n<p>Perqu\u00e8 entengueu l&#8217;abast que podeu tenir desactivar les <em>cookies<\/em> , us mostrem uns exemples:<\/p>\n\n<p>No podreu compartir continguts d&#8217;aquesta web a Facebook, Twitter o qualsevol xarxa social.<\/p>\n\n<p>El lloc web no podr\u00e0 adaptar els continguts a les seves prefer\u00e8ncies personals, com sol passar a les botigues en l\u00ednia.<\/p>\n\n<p>No podreu accedir a l&#8217;\u00e0rea personal d&#8217;aquesta web, com <em>El meu compte<\/em> , o <em>El meu perfil<\/em> o <em>Les meves comandes<\/em> .<\/p>\n\n<p>Botigues online: Li ser\u00e0 impossible fer compres online, hauran de ser telef\u00f2niques o visitant la botiga f\u00edsica si en disposa.<\/p>\n\n<p>Ser\u00e0 impossible personalitzar les vostres prefer\u00e8ncies geogr\u00e0fiques com franja hor\u00e0ria, divisa o idioma.<\/p>\n\n<p>El lloc web no podr\u00e0 realitzar anal\u00edtiques web sobre visitants i tr\u00e0nsit a la web, cosa que dificultar\u00e0 que la web sigui competitiva.<\/p>\n\n<p>No podr\u00e0 escriure al bloc, no podr\u00e0 pujar fotos, publicar comentaris, valorar o puntuar continguts. La web tampoc podr\u00e0 saber si vost\u00e8 \u00e9s un hum\u00e0 o una aplicaci\u00f3 automatitzada que publica <em>spam<\/em> .<\/p>\n\n<p>No es podr\u00e0 mostrar publicitat sectoritzada, cosa que reduir\u00e0 els ingressos publicitaris de la web.<\/p>\n\n<p>Totes les xarxes socials utilitzen <em>cookies<\/em> , si les desactiva no podreu utilitzar cap xarxa social.<\/p>\n\n<p><strong>Es poden eliminar les <em>cookies<\/em> ?<\/strong><\/p>\n\n<p>S\u00ed. No nom\u00e9s eliminar, tamb\u00e9 bloquejar, de manera general o particular per un domini espec\u00edfic.<\/p>\n\n<p>Per eliminar les <em>cookies<\/em> d&#8217;un lloc web heu d&#8217;anar a la configuraci\u00f3 del vostre navegador i all\u00e0 podreu buscar les associades al domini en q\u00fcesti\u00f3 i procedir a la seva eliminaci\u00f3.<\/p>\n\n<h1 class=\"wp-block-heading\" id=\"ap3\">Apartat 3<\/h1>\n\n<p><strong>Configuraci\u00f3 de cookies pels navegadors m\u00e9s populars<\/strong><\/p>\n\n<p>A continuaci\u00f3 us expliquem com accedir a una <em>galeta<\/em> determinada del navegador <strong>Chrome<\/strong> . Nota: aquests passos poden variar en funci\u00f3 de la versi\u00f3 del navegador:<\/p>\n\n<p>Aneu a Configuraci\u00f3 o Prefer\u00e8ncies mitjan\u00e7ant el men\u00fa Fitxer o prement la icona de personalitzaci\u00f3 que apareix a dalt a la dreta.<\/p>\n\n<p>Veureu seccions diferents, premeu <em>Mostrar opcions avan\u00e7ades<\/em> .<\/p>\n\n<p>Aneu a Privadesa, <em>Configuraci\u00f3 de contingut<\/em> .<\/p>\n\n<p>Seleccioneu <em>Totes les galetes i les dades de llocs<\/em> .<\/p>\n\n<p>Apareixer\u00e0 un llistat amb totes les <em>galetes<\/em> ordenades per domini. Perqu\u00e8 us sigui m\u00e9s f\u00e0cil trobar les <em>galetes<\/em> d&#8217;un determinat domini introdu\u00efu parcialment o totalment l&#8217;adre\u00e7a al camp <em>Cerca galetes.<\/em><\/p>\n\n<p>Despr\u00e9s de realitzar aquest filtre apareixeran en pantalla una o diverses l\u00ednies amb les <em>galetes<\/em> del web sol\u00b7licitat. Ara nom\u00e9s heu de seleccionar-la i pr\u00e9mer la X per procedir a la seva eliminaci\u00f3.<\/p>\n\n<p>Per accedir a la configuraci\u00f3 de <em>cookies<\/em> del navegador <strong>Internet Explorer<\/strong> seguiu aquests passos (poden variar en funci\u00f3 de la versi\u00f3 del navegador):<\/p>\n\n<p>Aneu a <em>Eines, Opcions d&#8217;Internet<\/em><\/p>\n\n<p>Feu clic a <em>Privadesa<\/em> .<\/p>\n\n<p>Moveu el bot\u00f3 lliscant fins a ajustar el nivell de privadesa que vulgueu.<\/p>\n\n<p>Per accedir a la configuraci\u00f3 de cookies del navegador <strong>Firefox<\/strong> seguiu aquests passos (poden variar en funci\u00f3 de la versi\u00f3 del navegador):<\/p>\n\n<p>Aneu a <em>Opcions<\/em> o <em>Prefer\u00e8ncies<\/em> segons el vostre sistema operatiu.<\/p>\n\n<p>Feu clic a <em>Privadesa<\/em> .<\/p>\n\n<p>A <em>Historial<\/em> trieu <em>Utilitzar una configuraci\u00f3 personalitzada per a l&#8217;historial<\/em> .<\/p>\n\n<p>Ara veureu l&#8217;opci\u00f3 Acceptar <em>cookies<\/em> , podeu activar-la o desactivar-la segons les vostres prefer\u00e8ncies.<\/p>\n\n<p>Per accedir a la configuraci\u00f3 de <em>cookies<\/em> del navegador <strong>Safari per OSX<\/strong> seguiu aquests passos (poden variar en funci\u00f3 de la versi\u00f3 del navegador):<\/p>\n\n<p>Aneu a <em>Prefer\u00e8ncies<\/em> , despr\u00e9s Privadesa.<\/p>\n\n<p>Aqu\u00ed veureu l&#8217;opci\u00f3 Bloqueja <em>cookies<\/em> perqu\u00e8 ajusti el tipus de bloqueig que voleu realitzar.<\/p>\n\n<p>Per accedir a la configuraci\u00f3 de <em>cookies<\/em> del navegador <strong>Safari per iOS<\/strong> seguiu aquests passos (poden variar en funci\u00f3 de la versi\u00f3 del navegador):<\/p>\n\n<p>Aneu a <em>Ajustaments<\/em> , despr\u00e9s <em>Safari<\/em> .<\/p>\n\n<p>Aneu a <em>Privadesa i Seguretat<\/em> , veureu l&#8217;opci\u00f3 <em>Bloquejar cookies<\/em> perqu\u00e8 ajusti el bloqueig que voleu realitzar.<\/p>\n\n<p>Per accedir a la configuraci\u00f3 de <em>cookies<\/em> del navegador per dispositius <strong>Android<\/strong> seguiu aquests passos (poden variar en funci\u00f3 de la versi\u00f3 del navegador):<\/p>\n\n<p>Executeu el navegador i premeu la tecla <em>Men\u00fa<\/em> i, a continuaci\u00f3, <em>Configuraci\u00f3<\/em> .<\/p>\n\n<p>Aneu a <em>Seguretat<\/em> i <em>Privadesa<\/em> , veureu l&#8217;opci\u00f3 <em>Acceptar cookies<\/em> perqu\u00e8 activeu o desactiveu la casella.<\/p>\n\n<p>Per accedir a la configuraci\u00f3 de <em>cookies<\/em> del navegador per dispositius <strong>Windows Phone<\/strong> seguiu aquests passos (poden variar en funci\u00f3 de la versi\u00f3 del navegador):<\/p>\n\n<p>Obre <em>Internet Explorer<\/em> , despr\u00e9s <em>M\u00e9s<\/em> i <em>Configuraci\u00f3<\/em> .<\/p>\n\n<p>Ara podeu activar o desactivar la casella <em>Permetre cookies<\/em> .<\/p>\n","protected":false},"excerpt":{"rendered":"<p>Apartat 1 Pol\u00edtica de cookies Una galeta \u00e9s un fitxer petit que s&#8217;emmagatzema al navegador quan visita la majoria de p\u00e0gines web. La seva utilitat \u00e9s que la web sigui capa\u00e7 de recordar la vostra visita quan torneu a navegar per aquesta p\u00e0gina. Les cookies solen emmagatzemar informaci\u00f3 de car\u00e0cter t\u00e8cnic, prefer\u00e8ncies personals, personalitzaci\u00f3 de [&hellip;]<\/p>\n","protected":false},"author":1,"featured_media":0,"parent":0,"menu_order":0,"comment_status":"closed","ping_status":"closed","template":"","meta":{"footnotes":""},"class_list":["post-694","page","type-page","status-publish","hentry"],"_links":{"self":[{"href":"https:\/\/www.laperfumoteca.com\/ca\/wp-json\/wp\/v2\/pages\/694","targetHints":{"allow":["GET"]}}],"collection":[{"href":"https:\/\/www.laperfumoteca.com\/ca\/wp-json\/wp\/v2\/pages"}],"about":[{"href":"https:\/\/www.laperfumoteca.com\/ca\/wp-json\/wp\/v2\/types\/page"}],"author":[{"embeddable":true,"href":"https:\/\/www.laperfumoteca.com\/ca\/wp-json\/wp\/v2\/users\/1"}],"replies":[{"embeddable":true,"href":"https:\/\/www.laperfumoteca.com\/ca\/wp-json\/wp\/v2\/comments?post=694"}],"version-history":[{"count":3,"href":"https:\/\/www.laperfumoteca.com\/ca\/wp-json\/wp\/v2\/pages\/694\/revisions"}],"predecessor-version":[{"id":705,"href":"https:\/\/www.laperfumoteca.com\/ca\/wp-json\/wp\/v2\/pages\/694\/revisions\/705"}],"wp:attachment":[{"href":"https:\/\/www.laperfumoteca.com\/ca\/wp-json\/wp\/v2\/media?parent=694"}],"curies":[{"name":"wp","href":"https:\/\/api.w.org\/{rel}","templated":true}]}}